{"id":2113,"date":"2022-01-24T22:33:42","date_gmt":"2022-01-24T21:33:42","guid":{"rendered":"https:\/\/mg-bechterdissen.de\/?page_id=2113"},"modified":"2022-01-24T22:33:42","modified_gmt":"2022-01-24T21:33:42","slug":"wer-wir-sind-2","status":"publish","type":"page","link":"https:\/\/mg-bechterdissen.de\/?page_id=2113","title":{"rendered":"Wer wir sind"},"content":{"rendered":"\n<p>Wir sind eine evangelische Freikirche mit einer mennonitisch\/t\u00e4uferischen Pr\u00e4gung. Die Anf\u00e4nge liegen in T\u00e4uferbewegung im 16. Jahrhundert. Wir vertreten die Glaubens- und Gewissensfreiheit und damit eine freiwillige und bewusste Gemeindemitgliedschaft. Wir praktizieren die Glaubenstaufe und legen Wert auf ein Leben in der Nachfolge Jesu Christi.&nbsp;<\/p>\n\n\n\n<p>Mit vielen anderen christlichen Kirchen teilen wir den Glauben an Gott den Sch\u00f6pfer, an Jesus Christus den Erl\u00f6ser und an den Heiligen Geist, unseren Beistand im Alltag.&nbsp;<\/p>\n\n\n\n<p><strong>Wir laden Sie herzlich ein, unserer Gemeinde pers\u00f6nlich kennen zu lernen.<\/strong><\/p>\n","protected":false},"excerpt":{"rendered":"<p>Wir sind eine evangelische Freikirche mit einer mennonitisch\/t\u00e4uferischen Pr\u00e4gung. Die Anf\u00e4nge liegen in T\u00e4uferbewegung im 16. Jahrhundert. Wir vertreten die Glaubens- und Gewissensfreiheit und damit eine freiwillige und bewusste Gemeindemitgliedschaft.&hellip; <\/p>\n","protected":false},"author":2,"featured_media":0,"parent":0,"menu_order":0,"comment_status":"closed","ping_status":"closed","template":"","meta":{"footnotes":""},"class_list":["post-2113","page","type-page","status-publish","hentry"],"_links":{"self":[{"href":"https:\/\/mg-bechterdissen.de\/index.php?rest_route=\/wp\/v2\/pages\/2113","targetHints":{"allow":["GET"]}}],"collection":[{"href":"https:\/\/mg-bechterdissen.de\/index.php?rest_route=\/wp\/v2\/pages"}],"about":[{"href":"https:\/\/mg-bechterdissen.de\/index.php?rest_route=\/wp\/v2\/types\/page"}],"author":[{"embeddable":true,"href":"https:\/\/mg-bechterdissen.de\/index.php?rest_route=\/wp\/v2\/users\/2"}],"replies":[{"embeddable":true,"href":"https:\/\/mg-bechterdissen.de\/index.php?rest_route=%2Fwp%2Fv2%2Fcomments&post=2113"}],"version-history":[{"count":1,"href":"https:\/\/mg-bechterdissen.de\/index.php?rest_route=\/wp\/v2\/pages\/2113\/revisions"}],"predecessor-version":[{"id":2114,"href":"https:\/\/mg-bechterdissen.de\/index.php?rest_route=\/wp\/v2\/pages\/2113\/revisions\/2114"}],"wp:attachment":[{"href":"https:\/\/mg-bechterdissen.de\/index.php?rest_route=%2Fwp%2Fv2%2Fmedia&parent=2113"}],"curies":[{"name":"wp","href":"https:\/\/api.w.org\/{rel}","templated":true}]}}