{"id":259,"date":"2018-12-20T18:08:21","date_gmt":"2018-12-20T17:08:21","guid":{"rendered":"http:\/\/test.mg-bechterdissen.de\/?page_id=259"},"modified":"2023-01-23T21:18:05","modified_gmt":"2023-01-23T20:18:05","slug":"jungschar","status":"publish","type":"page","link":"https:\/\/mg-bechterdissen.de\/?page_id=259","title":{"rendered":"Jungschar"},"content":{"rendered":"<p>Die Jungschar ist ein Treff f\u00fcr alle Kids und Teens von 10 bis 15 Jahren.<br \/>\nWir treffen uns jeden Montag von 18.00 bis 19.15 Uhr, au\u00dfer in den Schulferien.<br \/>\nUm auf das Alter und die Interessen der Jungscharler besser eingehen zu k\u00f6nnen, sind die Gruppen in die Altersstufen 10+11j\u00e4hrige, 12+13j\u00e4hrige, 14+15j\u00e4hrige aufgeteilt und nach M\u00e4dchen und Jungen getrennt.<\/p>\n<p>In den Jungscharstunden m\u00f6chten wir christliche Werte vermitteln und Inhalte aus der Bibel f\u00fcr das t\u00e4gliche und pers\u00f6nliche Leben erfahrbar machen. Wir finden es au\u00dferdem wichtig, den Teens einen Raum zu schaffen,\u00a0in dem sie Freundschaften finden und sich mit der Gruppe verbunden f\u00fchlen.<br \/>\nAus diesem Grund werden in den Jungscharstunden auch viele unterschiedliche\u00a0Dinge getan, wie z.B. schwimmen fahren, basteln, kochen, Sport, Spiele und\u00a0Ausfl\u00fcge.<\/p>\n<p>Die Jungschar kann also auch als eine Fortsetzung der SoFrei (Sommerfreizeiten die ebenfalls von unserer Gemeinde angeboten werden) verstanden werden, eben nur auf ca. 75 Minuten in der Woche begrenzt.<\/p>\n<p>Wenn wir dich jetzt neugierig gemacht haben und du Lust hast so eine Stunde mal\u00a0mitzuerleben, dann komm doch einfach mal vorbei! Die Mitarbeiter wirst du\u00a0schnell erkennen oder frag eines der anderen Teens, wir helfen dir gerne\u00a0die richtige Gruppe zu finden.<\/p>\n<p>Wir freuen uns auf dich !!!<\/p>\n","protected":false},"excerpt":{"rendered":"<p>Die Jungschar ist ein Treff f\u00fcr alle Kids und Teens von 10 bis 15 Jahren. Wir treffen uns jeden Montag von 18.00 bis 19.15 Uhr, au\u00dfer in den Schulferien. Um&hellip; <\/p>\n","protected":false},"author":2,"featured_media":0,"parent":0,"menu_order":0,"comment_status":"closed","ping_status":"closed","template":"","meta":{"footnotes":""},"class_list":["post-259","page","type-page","status-publish","hentry"],"_links":{"self":[{"href":"https:\/\/mg-bechterdissen.de\/index.php?rest_route=\/wp\/v2\/pages\/259","targetHints":{"allow":["GET"]}}],"collection":[{"href":"https:\/\/mg-bechterdissen.de\/index.php?rest_route=\/wp\/v2\/pages"}],"about":[{"href":"https:\/\/mg-bechterdissen.de\/index.php?rest_route=\/wp\/v2\/types\/page"}],"author":[{"embeddable":true,"href":"https:\/\/mg-bechterdissen.de\/index.php?rest_route=\/wp\/v2\/users\/2"}],"replies":[{"embeddable":true,"href":"https:\/\/mg-bechterdissen.de\/index.php?rest_route=%2Fwp%2Fv2%2Fcomments&post=259"}],"version-history":[{"count":6,"href":"https:\/\/mg-bechterdissen.de\/index.php?rest_route=\/wp\/v2\/pages\/259\/revisions"}],"predecessor-version":[{"id":2458,"href":"https:\/\/mg-bechterdissen.de\/index.php?rest_route=\/wp\/v2\/pages\/259\/revisions\/2458"}],"wp:attachment":[{"href":"https:\/\/mg-bechterdissen.de\/index.php?rest_route=%2Fwp%2Fv2%2Fmedia&parent=259"}],"curies":[{"name":"wp","href":"https:\/\/api.w.org\/{rel}","templated":true}]}}