{"id":262,"date":"2018-12-20T18:09:55","date_gmt":"2018-12-20T17:09:55","guid":{"rendered":"http:\/\/test.mg-bechterdissen.de\/?page_id=262"},"modified":"2024-05-21T13:29:14","modified_gmt":"2024-05-21T11:29:14","slug":"bibelentdecker","status":"publish","type":"page","link":"https:\/\/mg-bechterdissen.de\/?page_id=262","title":{"rendered":"BibelEntdecker"},"content":{"rendered":"<p>Wir laden alle Kinder und Teens zwischen 1-14 Jahren ein, am Sonntagmorgen von 10.00 bis 11.15 Uhr in unsere Gruppenr\u00e4ume zu kommen. Jeder Jahrgang hat eine eigene Gruppe, die von zwei bis drei Mitarbeiter\/innen am Sonntagmorgen betreut werden.<\/p>\n<p>Bei den BibelEntdeckern werden die Kinder dabei unterst\u00fctzt, gemeinsam mit anderen zu forschen, was die Bibel \u2013 und damit Gott und Jesus Christus \u2013 ganz konkret mit ihrem Alltag zu tun hat.<\/p>\n<p>Mitarbeiter\/innen helfen den Kindern, eigene Erkenntnisse \u00fcber Gott zu gewinnen, ihn zu erfahren und eine pers\u00f6nliche Beziehung zu ihm aufzubauen, sowie im Glauben zu wachsen.<\/p>\n<p>Jeden Sonntag, w\u00e4hrend des Gottesdienstes, treffen wir uns in unseren Gruppenr\u00e4umen um etwas in der Bibel zu entdecken, uns mit Freunden zu treffen und um Spa\u00df zu haben.<\/p>\n<p>W\u00e4hrend der Treffs lesen wir gemeinsam in der Bibel bzw. h\u00f6ren Geschichten und fragen uns, was die Geschichten aus diesem alten Buch, mit unserem Leben heute zu tun haben.<\/p>\n<p>Um das Programm abzurunden malen, basteln, r\u00e4tseln, spielen und feiern wir sehr gerne. Gemeinsam mit einer Musikband singen wir alle zwei Wochen in zwei Gruppen zusammen im Plenum.<\/p>\n<p>Wir freuen uns \u00fcber jeden der kommt!<\/p>\n","protected":false},"excerpt":{"rendered":"<p>Wir laden alle Kinder und Teens zwischen 1-14 Jahren ein, am Sonntagmorgen von 10.00 bis 11.15 Uhr in unsere Gruppenr\u00e4ume zu kommen. Jeder Jahrgang hat eine eigene Gruppe, die von&hellip; <\/p>\n","protected":false},"author":2,"featured_media":0,"parent":0,"menu_order":0,"comment_status":"closed","ping_status":"closed","template":"","meta":{"footnotes":""},"class_list":["post-262","page","type-page","status-publish","hentry"],"_links":{"self":[{"href":"https:\/\/mg-bechterdissen.de\/index.php?rest_route=\/wp\/v2\/pages\/262","targetHints":{"allow":["GET"]}}],"collection":[{"href":"https:\/\/mg-bechterdissen.de\/index.php?rest_route=\/wp\/v2\/pages"}],"about":[{"href":"https:\/\/mg-bechterdissen.de\/index.php?rest_route=\/wp\/v2\/types\/page"}],"author":[{"embeddable":true,"href":"https:\/\/mg-bechterdissen.de\/index.php?rest_route=\/wp\/v2\/users\/2"}],"replies":[{"embeddable":true,"href":"https:\/\/mg-bechterdissen.de\/index.php?rest_route=%2Fwp%2Fv2%2Fcomments&post=262"}],"version-history":[{"count":4,"href":"https:\/\/mg-bechterdissen.de\/index.php?rest_route=\/wp\/v2\/pages\/262\/revisions"}],"predecessor-version":[{"id":2881,"href":"https:\/\/mg-bechterdissen.de\/index.php?rest_route=\/wp\/v2\/pages\/262\/revisions\/2881"}],"wp:attachment":[{"href":"https:\/\/mg-bechterdissen.de\/index.php?rest_route=%2Fwp%2Fv2%2Fmedia&parent=262"}],"curies":[{"name":"wp","href":"https:\/\/api.w.org\/{rel}","templated":true}]}}