{"id":267,"date":"2018-12-20T18:21:11","date_gmt":"2018-12-20T17:21:11","guid":{"rendered":"http:\/\/test.mg-bechterdissen.de\/?page_id=267"},"modified":"2024-05-21T13:42:01","modified_gmt":"2024-05-21T11:42:01","slug":"sofrei-sommerfreizeit","status":"publish","type":"page","link":"https:\/\/mg-bechterdissen.de\/?page_id=267","title":{"rendered":"SoFrei &#8211; Sommerfreizeiten"},"content":{"rendered":"<p>\u2026 ist zun\u00e4chst schlicht und einfach die Abk\u00fcrzung f\u00fcr <strong>So<\/strong>mmer <strong>Frei<\/strong>zeiten, die von drei christlichen Gemeinden (EMF Bielefeld, MG Bechterdissen, Mennonitengemeinde Espelkamp)\u00a0veranstaltet werden und jedes Jahr in den ersten drei Wochen der NRW-Sommerferien stattfinden. Wir sind dankbar daf\u00fcr das Mennonitische Ferienheim in R\u00f6dinghausen nutzen zu d\u00fcrfen. Jeder im Alter von 10\u201315 Jahren darf mitfahren.<\/p>\n<p>\u2026 ist inzwischen ein fester Begriff f\u00fcr die Idee, erlebnisp\u00e4dagogische Konzepte und christliche Inhalte so zu verbinden, dass junge Menschen eine Woche voller unvergesslicher Momente erleben: mit neuen Freunden, neuen Erkenntnissen und neuen Erfahrungen.<\/p>\n<p>\u2026 ist Engagement und Verantwortung f\u00fcr die junge Generation. Mit viel Hingabe setzen sich die Mitarbeiter ein, um den Teilnehmern christliche Werte und verantwortungsbewusstes Handeln zu vermitteln. Sie ermutigen die Teilnehmer, neue Schritte zu wagen.<\/p>\n<p>\u2026 ist Ehrenamt und genaue Kalkulation f\u00fcr preiswerte Freizeitkosten, um die Teilnahme m\u00f6glichst Vielen zu erm\u00f6glichen.<\/p>\n<p>Mehr Informationen findest du unter <a href=\"http:\/\/sofrei.net\">sofrei.net<\/a><\/p>\n","protected":false},"excerpt":{"rendered":"<p>\u2026 ist zun\u00e4chst schlicht und einfach die Abk\u00fcrzung f\u00fcr Sommer Freizeiten, die von drei christlichen Gemeinden (EMF Bielefeld, MG Bechterdissen, Mennonitengemeinde Espelkamp)\u00a0veranstaltet werden und jedes Jahr in den ersten drei&hellip; <\/p>\n","protected":false},"author":2,"featured_media":0,"parent":0,"menu_order":0,"comment_status":"closed","ping_status":"closed","template":"","meta":{"footnotes":""},"class_list":["post-267","page","type-page","status-publish","hentry"],"_links":{"self":[{"href":"https:\/\/mg-bechterdissen.de\/index.php?rest_route=\/wp\/v2\/pages\/267","targetHints":{"allow":["GET"]}}],"collection":[{"href":"https:\/\/mg-bechterdissen.de\/index.php?rest_route=\/wp\/v2\/pages"}],"about":[{"href":"https:\/\/mg-bechterdissen.de\/index.php?rest_route=\/wp\/v2\/types\/page"}],"author":[{"embeddable":true,"href":"https:\/\/mg-bechterdissen.de\/index.php?rest_route=\/wp\/v2\/users\/2"}],"replies":[{"embeddable":true,"href":"https:\/\/mg-bechterdissen.de\/index.php?rest_route=%2Fwp%2Fv2%2Fcomments&post=267"}],"version-history":[{"count":16,"href":"https:\/\/mg-bechterdissen.de\/index.php?rest_route=\/wp\/v2\/pages\/267\/revisions"}],"predecessor-version":[{"id":2886,"href":"https:\/\/mg-bechterdissen.de\/index.php?rest_route=\/wp\/v2\/pages\/267\/revisions\/2886"}],"wp:attachment":[{"href":"https:\/\/mg-bechterdissen.de\/index.php?rest_route=%2Fwp%2Fv2%2Fmedia&parent=267"}],"curies":[{"name":"wp","href":"https:\/\/api.w.org\/{rel}","templated":true}]}}