{"id":269,"date":"2018-12-20T18:21:39","date_gmt":"2018-12-20T17:21:39","guid":{"rendered":"http:\/\/test.mg-bechterdissen.de\/?page_id=269"},"modified":"2024-05-21T13:37:28","modified_gmt":"2024-05-21T11:37:28","slug":"maennertreffen","status":"publish","type":"page","link":"https:\/\/mg-bechterdissen.de\/?page_id=269","title":{"rendered":"M\u00e4nnertreffen"},"content":{"rendered":"<p>Zusammengefasst haben wir das Ziel dieser Arbeit folgenderma\u00dfen: Grundlage f\u00fcr M\u00e4nnerfreundschaften schaffen und M\u00e4nner bef\u00e4higen als geistliches Oberhaupt der Familie zu leben.<\/p>\n<p>Dieses Ziel soll durch verschiedene Treffen und Aktivit\u00e4ten erreicht werden. Hierf\u00fcr soll ein Rahmen geschaffen werden, wo sich die M\u00e4nner der Gemeinde treffen und besser kennenlernen k\u00f6nnen. Durch die besseren Kontakte soll eine M\u00f6glichkeit zu einem besseren Austausch \u00fcber M\u00e4nnerthemen und -probleme erreicht werden.<\/p>\n\n\n<p><\/p>\n\n\n\n<p><\/p>\n","protected":false},"excerpt":{"rendered":"<p>Zusammengefasst haben wir das Ziel dieser Arbeit folgenderma\u00dfen: Grundlage f\u00fcr M\u00e4nnerfreundschaften schaffen und M\u00e4nner bef\u00e4higen als geistliches Oberhaupt der Familie zu leben. Dieses Ziel soll durch verschiedene Treffen und Aktivit\u00e4ten&hellip; <\/p>\n","protected":false},"author":2,"featured_media":0,"parent":0,"menu_order":0,"comment_status":"closed","ping_status":"closed","template":"","meta":{"footnotes":""},"class_list":["post-269","page","type-page","status-publish","hentry"],"_links":{"self":[{"href":"https:\/\/mg-bechterdissen.de\/index.php?rest_route=\/wp\/v2\/pages\/269","targetHints":{"allow":["GET"]}}],"collection":[{"href":"https:\/\/mg-bechterdissen.de\/index.php?rest_route=\/wp\/v2\/pages"}],"about":[{"href":"https:\/\/mg-bechterdissen.de\/index.php?rest_route=\/wp\/v2\/types\/page"}],"author":[{"embeddable":true,"href":"https:\/\/mg-bechterdissen.de\/index.php?rest_route=\/wp\/v2\/users\/2"}],"replies":[{"embeddable":true,"href":"https:\/\/mg-bechterdissen.de\/index.php?rest_route=%2Fwp%2Fv2%2Fcomments&post=269"}],"version-history":[{"count":10,"href":"https:\/\/mg-bechterdissen.de\/index.php?rest_route=\/wp\/v2\/pages\/269\/revisions"}],"predecessor-version":[{"id":2885,"href":"https:\/\/mg-bechterdissen.de\/index.php?rest_route=\/wp\/v2\/pages\/269\/revisions\/2885"}],"wp:attachment":[{"href":"https:\/\/mg-bechterdissen.de\/index.php?rest_route=%2Fwp%2Fv2%2Fmedia&parent=269"}],"curies":[{"name":"wp","href":"https:\/\/api.w.org\/{rel}","templated":true}]}}