{"id":273,"date":"2018-12-20T18:23:55","date_gmt":"2018-12-20T17:23:55","guid":{"rendered":"http:\/\/test.mg-bechterdissen.de\/?page_id=273"},"modified":"2023-01-23T21:39:19","modified_gmt":"2023-01-23T20:39:19","slug":"senioren","status":"publish","type":"page","link":"https:\/\/mg-bechterdissen.de\/?page_id=273","title":{"rendered":"Senioren"},"content":{"rendered":"<p>Seit einigen Jahren gibt es f\u00fcr die Senioren unserer Gemeinde regelm\u00e4\u00dfige Angebote mit folgenden Aufgabenschwerpunkten:<\/p>\n<p>\u2022 Alle vierzehn Tage einen Seniorennachmittag (etwa zwei Stunden)<\/p>\n<p>\u2022 im Fr\u00fchjahr und im Herbst je einen Nachmittagsausflug<\/p>\n<p>\u2022 wenn m\u00f6glich, einmal im Jahr eine Seniorenfreizeit in R\u00f6dinghausen,<\/p>\n<p>\u2022 Seniorenabende<\/p>\n<p>\u2022 Fr\u00fchlings-, Herbst- und Weihnachtsfeste<\/p>\n","protected":false},"excerpt":{"rendered":"<p>Seit einigen Jahren gibt es f\u00fcr die Senioren unserer Gemeinde regelm\u00e4\u00dfige Angebote mit folgenden Aufgabenschwerpunkten: \u2022 Alle vierzehn Tage einen Seniorennachmittag (etwa zwei Stunden) \u2022 im Fr\u00fchjahr und im Herbst&hellip; <\/p>\n","protected":false},"author":2,"featured_media":0,"parent":0,"menu_order":0,"comment_status":"closed","ping_status":"closed","template":"","meta":{"footnotes":""},"class_list":["post-273","page","type-page","status-publish","hentry"],"_links":{"self":[{"href":"https:\/\/mg-bechterdissen.de\/index.php?rest_route=\/wp\/v2\/pages\/273","targetHints":{"allow":["GET"]}}],"collection":[{"href":"https:\/\/mg-bechterdissen.de\/index.php?rest_route=\/wp\/v2\/pages"}],"about":[{"href":"https:\/\/mg-bechterdissen.de\/index.php?rest_route=\/wp\/v2\/types\/page"}],"author":[{"embeddable":true,"href":"https:\/\/mg-bechterdissen.de\/index.php?rest_route=\/wp\/v2\/users\/2"}],"replies":[{"embeddable":true,"href":"https:\/\/mg-bechterdissen.de\/index.php?rest_route=%2Fwp%2Fv2%2Fcomments&post=273"}],"version-history":[{"count":2,"href":"https:\/\/mg-bechterdissen.de\/index.php?rest_route=\/wp\/v2\/pages\/273\/revisions"}],"predecessor-version":[{"id":2465,"href":"https:\/\/mg-bechterdissen.de\/index.php?rest_route=\/wp\/v2\/pages\/273\/revisions\/2465"}],"wp:attachment":[{"href":"https:\/\/mg-bechterdissen.de\/index.php?rest_route=%2Fwp%2Fv2%2Fmedia&parent=273"}],"curies":[{"name":"wp","href":"https:\/\/api.w.org\/{rel}","templated":true}]}}