{"id":983,"date":"2019-03-24T15:01:30","date_gmt":"2019-03-24T14:01:30","guid":{"rendered":"http:\/\/test.mg-bechterdissen.de\/?page_id=983"},"modified":"2019-03-24T15:27:58","modified_gmt":"2019-03-24T14:27:58","slug":"krabbelgruppe","status":"publish","type":"page","link":"https:\/\/mg-bechterdissen.de\/?page_id=983","title":{"rendered":"Krabbelgruppe"},"content":{"rendered":"\n<p>Mittwochmorgen, um 10 Uhr findet die Krabbelgruppe f\u00fcr Kleinkinder im Alter von 0 bis 3 Jahren statt. Im Keller der Mennonitengemeinde Bechterdissen treffen sich die M\u00fctter (hin und wieder auch V\u00e4ter und Gro\u00dfeltern) w\u00f6chentlich, um gemeinsam den Vormittag zu verbringen.<br>Ein fester Bestandteil dieses Treffens ist der Glitzerfisch, die Handpuppe begr\u00fc\u00dft jedes Kind und erinnert diese an die Liebe, die Gott jedem Kind schenkt.<br>Lieder werden gesungen und bringen schon den Kleinsten die Sch\u00f6pfung bei. Nachdem Singen, darf das Spielen nicht fehlen. Eine kleine St\u00e4rkung in der Form von Keksen, Obst, Gem\u00fcse, Wasser und Kaffee darf dann nicht fehlen.<br>Den Abschluss des Vormittags bilden Bewegungslieder, Fingerspiele und Kniereitern.<\/p>\n","protected":false},"excerpt":{"rendered":"<p>Mittwochmorgen, um 10 Uhr findet die Krabbelgruppe f\u00fcr Kleinkinder im Alter von 0 bis 3 Jahren statt. Im Keller der Mennonitengemeinde Bechterdissen treffen sich die M\u00fctter (hin und wieder auch&hellip; <\/p>\n","protected":false},"author":2,"featured_media":0,"parent":0,"menu_order":0,"comment_status":"closed","ping_status":"closed","template":"","meta":{"footnotes":""},"class_list":["post-983","page","type-page","status-publish","hentry"],"_links":{"self":[{"href":"https:\/\/mg-bechterdissen.de\/index.php?rest_route=\/wp\/v2\/pages\/983","targetHints":{"allow":["GET"]}}],"collection":[{"href":"https:\/\/mg-bechterdissen.de\/index.php?rest_route=\/wp\/v2\/pages"}],"about":[{"href":"https:\/\/mg-bechterdissen.de\/index.php?rest_route=\/wp\/v2\/types\/page"}],"author":[{"embeddable":true,"href":"https:\/\/mg-bechterdissen.de\/index.php?rest_route=\/wp\/v2\/users\/2"}],"replies":[{"embeddable":true,"href":"https:\/\/mg-bechterdissen.de\/index.php?rest_route=%2Fwp%2Fv2%2Fcomments&post=983"}],"version-history":[{"count":3,"href":"https:\/\/mg-bechterdissen.de\/index.php?rest_route=\/wp\/v2\/pages\/983\/revisions"}],"predecessor-version":[{"id":996,"href":"https:\/\/mg-bechterdissen.de\/index.php?rest_route=\/wp\/v2\/pages\/983\/revisions\/996"}],"wp:attachment":[{"href":"https:\/\/mg-bechterdissen.de\/index.php?rest_route=%2Fwp%2Fv2%2Fmedia&parent=983"}],"curies":[{"name":"wp","href":"https:\/\/api.w.org\/{rel}","templated":true}]}}